{"id":11,"date":"2010-11-08T12:37:32","date_gmt":"2010-11-08T12:37:32","guid":{"rendered":"http:\/\/www.mmengineering.ch\/site\/?page_id=11"},"modified":"2019-10-09T08:21:34","modified_gmt":"2019-10-09T08:21:34","slug":"portrait","status":"publish","type":"page","link":"http:\/\/www.mmengineering.ch\/site\/portrait\/","title":{"rendered":"PORTRAIT"},"content":{"rendered":"<p>\u00dcberall dort, wo Ihre eigenen M\u00f6glichkeiten voll ausgesch\u00f6pft, zus\u00e4zliche Leistungen jedoch erforderlich sind, kann ich zum Einsatz kommen:<\/p>\n<ul>\n<li> um enge Termine zu \u00dcberbr\u00fccken<\/li>\n<li>um das eigene Erfahrungsspektrum zu erweitern<\/li>\n<li>um neue Impulse und Ideen einzubringen<\/li>\n<\/ul>\n<p>oder einfach zur Erreichung einer optimalen Kostenstruktur, weil so der Personalbestand des eigenen Betriebes ausgelegt werden kann auf eine mittlere Belastung, Schwankungen gegen oben jedoch immer mit ein und demselben ausw\u00e4rtigen Partner ausgeglichen werden.<\/p>\n<p>\u00dcberzeugen Sie sich davon, dass ich Ihnen eine wirtschaftliche und qualifizierte Zusammenarbeit bieten kann.<\/p>\n","protected":false},"excerpt":{"rendered":"<p>\u00dcberall dort, wo Ihre eigenen M\u00f6glichkeiten voll ausgesch\u00f6pft, zus\u00e4zliche Leistungen jedoch erforderlich sind, kann ich zum Einsatz kommen: um enge Termine zu \u00dcberbr\u00fccken um das eigene Erfahrungsspektrum zu erweitern um neue Impulse und Ideen einzubringen oder einfach zur Erreichung einer optimalen Kostenstruktur, weil so der Personalbestand des eigenen Betriebes ausgelegt werden kann auf eine mittlere [&hellip;]<\/p>\n","protected":false},"author":1,"featured_media":0,"parent":0,"menu_order":30,"comment_status":"open","ping_status":"open","template":"tmp_basic.php","meta":{"footnotes":""},"_links":{"self":[{"href":"http:\/\/www.mmengineering.ch\/site\/wp-json\/wp\/v2\/pages\/11"}],"collection":[{"href":"http:\/\/www.mmengineering.ch\/site\/wp-json\/wp\/v2\/pages"}],"about":[{"href":"http:\/\/www.mmengineering.ch\/site\/wp-json\/wp\/v2\/types\/page"}],"author":[{"embeddable":true,"href":"http:\/\/www.mmengineering.ch\/site\/wp-json\/wp\/v2\/users\/1"}],"replies":[{"embeddable":true,"href":"http:\/\/www.mmengineering.ch\/site\/wp-json\/wp\/v2\/comments?post=11"}],"version-history":[{"count":4,"href":"http:\/\/www.mmengineering.ch\/site\/wp-json\/wp\/v2\/pages\/11\/revisions"}],"predecessor-version":[{"id":110,"href":"http:\/\/www.mmengineering.ch\/site\/wp-json\/wp\/v2\/pages\/11\/revisions\/110"}],"wp:attachment":[{"href":"http:\/\/www.mmengineering.ch\/site\/wp-json\/wp\/v2\/media?parent=11"}],"curies":[{"name":"wp","href":"https:\/\/api.w.org\/{rel}","templated":true}]}}